{"id":65,"date":"2014-01-23T21:23:29","date_gmt":"2014-01-23T21:23:29","guid":{"rendered":"http:\/\/tk-ebersdorf.at\/?page_id=65"},"modified":"2015-04-24T16:15:12","modified_gmt":"2015-04-24T16:15:12","slug":"impressum","status":"publish","type":"page","link":"https:\/\/tk-ebersdorf.at\/?page_id=65","title":{"rendered":"Impressum"},"content":{"rendered":"<p><strong>Medieninhaber, Herausgeber:\u00a0<\/strong><\/p>\n<div align=\"left\">\n<div id=\"text_caption\">Trachtenkapelle Ebersdorf<br \/>\n8273 Ebersdorf 320<\/div>\n<div>\u00d6sterreich<\/div>\n<div>E-Mail: <a href=\"mailto:EDV-TK-Ebersdorf@gmx.at\">tk-ebersdorf@gmx.at<\/a> <strong>F\u00fcr die Website verantwortlich:\u00a0<\/strong><br \/>\nTrachtenkapelle Ebersdorf. Die Trachtenkapelle Ebersdorf pr\u00fcft und aktualisiert die Informationen auf ihren Webseiten st\u00e4ndig. Trotz aller Sorgfalt k\u00f6nnen sich die Daten inzwischen ver\u00e4ndert haben. Eine Haftung oder Garantie f\u00fcr die Aktualit\u00e4t, Richtigkeit und Vollst\u00e4ndigkeit der zur Verf\u00fcgung gestellten Informationen kann daher nicht \u00fcbernommen werden.Auf der Website tk-ebersdorf.at.tt sowie den dazugeh\u00f6renden Subdomains befinden sich Links zu anderen Seiten im Internet.<\/div>\n<div id=\"sub_container2\">\n<div id=\"content_container\">\n<p>Wir betonen ausdr\u00fccklich, dass die Trachtenkapelle\u00a0Ebersdorf\u00a0keinen Einfluss auf die Gestaltung und den Inhalt der Seiten hat, auf die verlinkt wird. Die\u00a0Trachtenkapelle Ebersdorf\u00a0\u00fcbernimmt daher keine Gew\u00e4hr f\u00fcr die Aktualit\u00e4t, Richtigkeit, Vollst\u00e4ndigkeit oder Qualit\u00e4t der dort bereitgestellten Informationen und distanziert sich hiermit ausdr\u00fccklich von allen Inhalten dieser Seiten. Diese Erkl\u00e4rung gilt f\u00fcr alle bei Trachtenkapelle\u00a0Ebersdorf\u00a0enthaltenen Links zu externen Seiten und alle Inhalte dieser Seiten, zu denen diese Links f\u00fchren.<\/p>\n<\/div>\n<\/div>\n<\/div>\n","protected":false},"excerpt":{"rendered":"<p>Medieninhaber, Herausgeber:\u00a0 Trachtenkapelle Ebersdorf 8273 Ebersdorf 320 \u00d6sterreich E-Mail: tk-ebersdorf@gmx.at F\u00fcr die Website verantwortlich:\u00a0 Trachtenkapelle Ebersdorf. Die Trachtenkapelle Ebersdorf pr\u00fcft und aktualisiert die Informationen auf ihren Webseiten st\u00e4ndig. Trotz aller Sorgfalt k\u00f6nnen sich die Daten inzwischen ver\u00e4ndert haben. Eine Haftung &hellip; <a href=\"https:\/\/tk-ebersdorf.at\/?page_id=65\">Weiterlesen <span class=\"meta-nav\">&rarr;<\/span><\/a><\/p>\n","protected":false},"author":1,"featured_media":0,"parent":0,"menu_order":0,"comment_status":"closed","ping_status":"open","template":"","meta":{"footnotes":""},"class_list":["post-65","page","type-page","status-publish","hentry"],"_links":{"self":[{"href":"https:\/\/tk-ebersdorf.at\/index.php?rest_route=\/wp\/v2\/pages\/65","targetHints":{"allow":["GET"]}}],"collection":[{"href":"https:\/\/tk-ebersdorf.at\/index.php?rest_route=\/wp\/v2\/pages"}],"about":[{"href":"https:\/\/tk-ebersdorf.at\/index.php?rest_route=\/wp\/v2\/types\/page"}],"author":[{"embeddable":true,"href":"https:\/\/tk-ebersdorf.at\/index.php?rest_route=\/wp\/v2\/users\/1"}],"replies":[{"embeddable":true,"href":"https:\/\/tk-ebersdorf.at\/index.php?rest_route=%2Fwp%2Fv2%2Fcomments&post=65"}],"version-history":[{"count":7,"href":"https:\/\/tk-ebersdorf.at\/index.php?rest_route=\/wp\/v2\/pages\/65\/revisions"}],"predecessor-version":[{"id":1961,"href":"https:\/\/tk-ebersdorf.at\/index.php?rest_route=\/wp\/v2\/pages\/65\/revisions\/1961"}],"wp:attachment":[{"href":"https:\/\/tk-ebersdorf.at\/index.php?rest_route=%2Fwp%2Fv2%2Fmedia&parent=65"}],"curies":[{"name":"wp","href":"https:\/\/api.w.org\/{rel}","templated":true}]}}